{"id":17,"date":"2025-12-14T12:36:00","date_gmt":"2025-12-14T12:36:00","guid":{"rendered":"http:\/\/localhost\/thiendangcons\/?page_id=17"},"modified":"2026-02-13T06:02:39","modified_gmt":"2026-02-13T06:02:39","slug":"du-an","status":"publish","type":"page","link":"https:\/\/thiendangcons.com\/index.php\/du-an\/","title":{"rendered":"D\u1ef1 \u00e1n"},"content":{"rendered":"\n\n  \n    <div id=\"row-1920819757\" class=\"row large-columns-3 medium-columns- small-columns-1 has-shadow row-box-shadow-2 row-masonry\" data-packery-options='{\"itemSelector\": \".col\", \"gutter\": 0, \"presentageWidth\" : true}'>\n\n  <div class=\"col post-item\" >\n\t\t\t<div class=\"col-inner\">\n\t\t\t\t<div class=\"box box-text-bottom box-blog-post has-hover\">\n            \t\t\t\t\t<div class=\"box-image\" >\n  \t\t\t\t\t\t<div class=\"image-cover\" style=\"padding-top:180px;\">\n\t\t\t\t\t\t\t<a href=\"https:\/\/thiendangcons.com\/index.php\/2025\/12\/14\/nha-pho-hien-dai\/\" class=\"plain\" aria-label=\"Nh\u00e0 Ph\u1ed1 Hi\u1ec7n \u0110\u1ea1i\">\n\t\t\t\t\t\t\t\t<img loading=\"lazy\" decoding=\"async\" width=\"219\" height=\"300\" src=\"https:\/\/thiendangcons.com\/wp-content\/uploads\/2025\/12\/2-219x300.png\" class=\"attachment-medium size-medium wp-post-image\" alt=\"\" srcset=\"https:\/\/thiendangcons.com\/wp-content\/uploads\/2025\/12\/2-219x300.png 219w, https:\/\/thiendangcons.com\/wp-content\/uploads\/2025\/12\/2-747x1024.png 747w, https:\/\/thiendangcons.com\/wp-content\/uploads\/2025\/12\/2-768x1052.png 768w, https:\/\/thiendangcons.com\/wp-content\/uploads\/2025\/12\/2-600x822.png 600w, https:\/\/thiendangcons.com\/wp-content\/uploads\/2025\/12\/2.png 864w\" sizes=\"auto, (max-width: 219px) 100vw, 219px\" \/>\t\t\t\t\t\t\t<\/a>\n  \t\t\t\t\t\t\t  \t\t\t\t\t\t\t  \t\t\t\t\t\t<\/div>\n  \t\t\t\t\t\t  \t\t\t\t\t<\/div>\n          \t\t\t\t\t<div class=\"box-text text-center\" >\n\t\t\t\t\t<div class=\"box-text-inner blog-post-inner\">\n\n\t\t\t\t\t\n\t\t\t\t\t\t\t\t\t\t<h5 class=\"post-title is-large \">\n\t\t\t\t\t\t<a href=\"https:\/\/thiendangcons.com\/index.php\/2025\/12\/14\/nha-pho-hien-dai\/\" class=\"plain\">Nh\u00e0 Ph\u1ed1 Hi\u1ec7n \u0110\u1ea1i<\/a>\n\t\t\t\t\t<\/h5>\n\t\t\t\t\t\t\t\t\t\t<div class=\"is-divider\"><\/div>\n\t\t\t\t\t\t\t\t\t\t<p class=\"from_the_blog_excerpt \">\n\t\t\t\t\t\tThi\u1ebft k\u1ebf nh\u00e0 ph\u1ed1 hi\u1ec7n \u0111\u1ea1i, t\u1ed1i \u01b0u di\u1ec7n t\u00edch, th\u00f4ng tho\u00e1ng \u00e1nh s\u00e1ng v\u00e0 [...]\t\t\t\t\t<\/p>\n\t\t\t\t\t                    \n\t\t\t\t\t\n\t\t\t\t\t\n\t\t\t\t\t<\/div>\n\t\t\t\t\t<\/div>\n\t\t\t\t\t\t\t\t\t\t\t\t\t\t\t\t<div class=\"badge absolute top post-date badge-outline\">\n\t\t\t\t\t\t\t<div class=\"badge-inner\">\n\t\t\t\t\t\t\t\t<span class=\"post-date-day\">14<\/span><br>\n\t\t\t\t\t\t\t\t<span class=\"post-date-month is-xsmall\">Dec<\/span>\n\t\t\t\t\t\t\t<\/div>\n\t\t\t\t\t\t<\/div>\n\t\t\t\t\t\t\t\t\t<\/div>\n\t\t\t<\/div>\n\t\t<\/div><div class=\"col post-item\" >\n\t\t\t<div class=\"col-inner\">\n\t\t\t\t<div class=\"box box-text-bottom box-blog-post has-hover\">\n            \t\t\t\t\t<div class=\"box-image\" >\n  \t\t\t\t\t\t<div class=\"image-cover\" style=\"padding-top:180px;\">\n\t\t\t\t\t\t\t<a href=\"https:\/\/thiendangcons.com\/index.php\/2025\/12\/14\/cong-trinh-van-phong\/\" class=\"plain\" aria-label=\"C\u00f4ng Tr\u00ecnh V\u0103n Ph\u00f2ng\">\n\t\t\t\t\t\t\t\t<img loading=\"lazy\" decoding=\"async\" width=\"300\" height=\"168\" src=\"https:\/\/thiendangcons.com\/wp-content\/uploads\/2025\/12\/vanphong.jpeg\" class=\"attachment-medium size-medium wp-post-image\" alt=\"\" \/>\t\t\t\t\t\t\t<\/a>\n  \t\t\t\t\t\t\t  \t\t\t\t\t\t\t  \t\t\t\t\t\t<\/div>\n  \t\t\t\t\t\t  \t\t\t\t\t<\/div>\n          \t\t\t\t\t<div class=\"box-text text-center\" >\n\t\t\t\t\t<div class=\"box-text-inner blog-post-inner\">\n\n\t\t\t\t\t\n\t\t\t\t\t\t\t\t\t\t<h5 class=\"post-title is-large \">\n\t\t\t\t\t\t<a href=\"https:\/\/thiendangcons.com\/index.php\/2025\/12\/14\/cong-trinh-van-phong\/\" class=\"plain\">C\u00f4ng Tr\u00ecnh V\u0103n Ph\u00f2ng<\/a>\n\t\t\t\t\t<\/h5>\n\t\t\t\t\t\t\t\t\t\t<div class=\"is-divider\"><\/div>\n\t\t\t\t\t\t\t\t\t\t<p class=\"from_the_blog_excerpt \">\n\t\t\t\t\t\tThi\u1ebft k\u1ebf v\u0103n ph\u00f2ng chuy\u00ean nghi\u1ec7p, hi\u1ec7n \u0111\u1ea1i, n\u00e2ng cao hi\u1ec7u su\u1ea5t l\u00e0m vi\u1ec7c v\u00e0 [...]\t\t\t\t\t<\/p>\n\t\t\t\t\t                    \n\t\t\t\t\t\n\t\t\t\t\t\n\t\t\t\t\t<\/div>\n\t\t\t\t\t<\/div>\n\t\t\t\t\t\t\t\t\t\t\t\t\t\t\t\t<div class=\"badge absolute top post-date badge-outline\">\n\t\t\t\t\t\t\t<div class=\"badge-inner\">\n\t\t\t\t\t\t\t\t<span class=\"post-date-day\">14<\/span><br>\n\t\t\t\t\t\t\t\t<span class=\"post-date-month is-xsmall\">Dec<\/span>\n\t\t\t\t\t\t\t<\/div>\n\t\t\t\t\t\t<\/div>\n\t\t\t\t\t\t\t\t\t<\/div>\n\t\t\t<\/div>\n\t\t<\/div><div class=\"col post-item\" >\n\t\t\t<div class=\"col-inner\">\n\t\t\t\t<div class=\"box box-text-bottom box-blog-post has-hover\">\n            \t\t\t\t\t<div class=\"box-image\" >\n  \t\t\t\t\t\t<div class=\"image-cover\" style=\"padding-top:180px;\">\n\t\t\t\t\t\t\t<a href=\"https:\/\/thiendangcons.com\/index.php\/2025\/12\/14\/nha-xuong-nha-may\/\" class=\"plain\" aria-label=\"Nh\u00e0 X\u01b0\u1edfng, Nh\u00e0 M\u00e1y\">\n\t\t\t\t\t\t\t\t<img loading=\"lazy\" decoding=\"async\" width=\"300\" height=\"145\" src=\"https:\/\/thiendangcons.com\/wp-content\/uploads\/2025\/12\/Picture2-300x145.png\" class=\"attachment-medium size-medium wp-post-image\" alt=\"\" srcset=\"https:\/\/thiendangcons.com\/wp-content\/uploads\/2025\/12\/Picture2-300x145.png 300w, https:\/\/thiendangcons.com\/wp-content\/uploads\/2025\/12\/Picture2-768x371.png 768w, https:\/\/thiendangcons.com\/wp-content\/uploads\/2025\/12\/Picture2-600x290.png 600w, https:\/\/thiendangcons.com\/wp-content\/uploads\/2025\/12\/Picture2.png 981w\" sizes=\"auto, (max-width: 300px) 100vw, 300px\" \/>\t\t\t\t\t\t\t<\/a>\n  \t\t\t\t\t\t\t  \t\t\t\t\t\t\t  \t\t\t\t\t\t<\/div>\n  \t\t\t\t\t\t  \t\t\t\t\t<\/div>\n          \t\t\t\t\t<div class=\"box-text text-center\" >\n\t\t\t\t\t<div class=\"box-text-inner blog-post-inner\">\n\n\t\t\t\t\t\n\t\t\t\t\t\t\t\t\t\t<h5 class=\"post-title is-large \">\n\t\t\t\t\t\t<a href=\"https:\/\/thiendangcons.com\/index.php\/2025\/12\/14\/nha-xuong-nha-may\/\" class=\"plain\">Nh\u00e0 X\u01b0\u1edfng, Nh\u00e0 M\u00e1y<\/a>\n\t\t\t\t\t<\/h5>\n\t\t\t\t\t\t\t\t\t\t<div class=\"is-divider\"><\/div>\n\t\t\t\t\t\t\t\t\t\t<p class=\"from_the_blog_excerpt \">\n\t\t\t\t\t\tGi\u1ea3i ph\u00e1p thi\u1ebft k\u1ebf nh\u00e0 x\u01b0\u1edfng \u2013 nh\u00e0 m\u00e1y t\u1ed1i \u01b0u c\u00f4ng n\u0103ng, k\u1ebft c\u1ea5u [...]\t\t\t\t\t<\/p>\n\t\t\t\t\t                    \n\t\t\t\t\t\n\t\t\t\t\t\n\t\t\t\t\t<\/div>\n\t\t\t\t\t<\/div>\n\t\t\t\t\t\t\t\t\t\t\t\t\t\t\t\t<div class=\"badge absolute top post-date badge-outline\">\n\t\t\t\t\t\t\t<div class=\"badge-inner\">\n\t\t\t\t\t\t\t\t<span class=\"post-date-day\">14<\/span><br>\n\t\t\t\t\t\t\t\t<span class=\"post-date-month is-xsmall\">Dec<\/span>\n\t\t\t\t\t\t\t<\/div>\n\t\t\t\t\t\t<\/div>\n\t\t\t\t\t\t\t\t\t<\/div>\n\t\t\t<\/div>\n\t\t<\/div><div class=\"col post-item\" >\n\t\t\t<div class=\"col-inner\">\n\t\t\t\t<div class=\"box box-text-bottom box-blog-post has-hover\">\n            \t\t\t\t\t<div class=\"box-image\" >\n  \t\t\t\t\t\t<div class=\"image-cover\" style=\"padding-top:180px;\">\n\t\t\t\t\t\t\t<a href=\"https:\/\/thiendangcons.com\/index.php\/2026\/01\/01\/nha-vuon\/\" class=\"plain\" aria-label=\"Nh\u00e0 V\u01b0\u1eddn\">\n\t\t\t\t\t\t\t\t<img loading=\"lazy\" decoding=\"async\" width=\"300\" height=\"265\" src=\"https:\/\/thiendangcons.com\/wp-content\/uploads\/2026\/01\/16-300x265.png\" class=\"attachment-medium size-medium wp-post-image\" alt=\"\" srcset=\"https:\/\/thiendangcons.com\/wp-content\/uploads\/2026\/01\/16-300x265.png 300w, https:\/\/thiendangcons.com\/wp-content\/uploads\/2026\/01\/16-1024x904.png 1024w, https:\/\/thiendangcons.com\/wp-content\/uploads\/2026\/01\/16-768x678.png 768w, https:\/\/thiendangcons.com\/wp-content\/uploads\/2026\/01\/16-600x529.png 600w, https:\/\/thiendangcons.com\/wp-content\/uploads\/2026\/01\/16.png 1088w\" sizes=\"auto, (max-width: 300px) 100vw, 300px\" \/>\t\t\t\t\t\t\t<\/a>\n  \t\t\t\t\t\t\t  \t\t\t\t\t\t\t  \t\t\t\t\t\t<\/div>\n  \t\t\t\t\t\t  \t\t\t\t\t<\/div>\n          \t\t\t\t\t<div class=\"box-text text-center\" >\n\t\t\t\t\t<div class=\"box-text-inner blog-post-inner\">\n\n\t\t\t\t\t\n\t\t\t\t\t\t\t\t\t\t<h5 class=\"post-title is-large \">\n\t\t\t\t\t\t<a href=\"https:\/\/thiendangcons.com\/index.php\/2026\/01\/01\/nha-vuon\/\" class=\"plain\">Nh\u00e0 V\u01b0\u1eddn<\/a>\n\t\t\t\t\t<\/h5>\n\t\t\t\t\t\t\t\t\t\t<div class=\"is-divider\"><\/div>\n\t\t\t\t\t\t\t\t\t\t<p class=\"from_the_blog_excerpt \">\n\t\t\t\t\t\tThi\u1ebft k\u1ebf nh\u00e0 v\u01b0\u1eddn h\u00e0i h\u00f2a thi\u00ean nhi\u00ean, t\u1ed1i \u01b0u c\u00f4ng n\u0103ng v\u00e0 mang l\u1ea1i [...]\t\t\t\t\t<\/p>\n\t\t\t\t\t                    \n\t\t\t\t\t\n\t\t\t\t\t\n\t\t\t\t\t<\/div>\n\t\t\t\t\t<\/div>\n\t\t\t\t\t\t\t\t\t\t\t\t\t\t\t\t<div class=\"badge absolute top post-date badge-outline\">\n\t\t\t\t\t\t\t<div class=\"badge-inner\">\n\t\t\t\t\t\t\t\t<span class=\"post-date-day\">01<\/span><br>\n\t\t\t\t\t\t\t\t<span class=\"post-date-month is-xsmall\">Jan<\/span>\n\t\t\t\t\t\t\t<\/div>\n\t\t\t\t\t\t<\/div>\n\t\t\t\t\t\t\t\t\t<\/div>\n\t\t\t<\/div>\n\t\t<\/div><div class=\"col post-item\" >\n\t\t\t<div class=\"col-inner\">\n\t\t\t\t<div class=\"box box-text-bottom box-blog-post has-hover\">\n            \t\t\t\t\t<div class=\"box-image\" >\n  \t\t\t\t\t\t<div class=\"image-cover\" style=\"padding-top:180px;\">\n\t\t\t\t\t\t\t<a href=\"https:\/\/thiendangcons.com\/index.php\/2026\/02\/13\/biet-thu-hien-dai\/\" class=\"plain\" aria-label=\"Bi\u1ec7t th\u1ef1 Hi\u1ec7n \u0111\u1ea1i\">\n\t\t\t\t\t\t\t\t<img loading=\"lazy\" decoding=\"async\" width=\"229\" height=\"300\" src=\"https:\/\/thiendangcons.com\/wp-content\/uploads\/2026\/01\/image-22-1-229x300.png\" class=\"attachment-medium size-medium wp-post-image\" alt=\"\" srcset=\"https:\/\/thiendangcons.com\/wp-content\/uploads\/2026\/01\/image-22-1-229x300.png 229w, https:\/\/thiendangcons.com\/wp-content\/uploads\/2026\/01\/image-22-1-600x787.png 600w, https:\/\/thiendangcons.com\/wp-content\/uploads\/2026\/01\/image-22-1.png 684w\" sizes=\"auto, (max-width: 229px) 100vw, 229px\" \/>\t\t\t\t\t\t\t<\/a>\n  \t\t\t\t\t\t\t  \t\t\t\t\t\t\t  \t\t\t\t\t\t<\/div>\n  \t\t\t\t\t\t  \t\t\t\t\t<\/div>\n          \t\t\t\t\t<div class=\"box-text text-center\" >\n\t\t\t\t\t<div class=\"box-text-inner blog-post-inner\">\n\n\t\t\t\t\t\n\t\t\t\t\t\t\t\t\t\t<h5 class=\"post-title is-large \">\n\t\t\t\t\t\t<a href=\"https:\/\/thiendangcons.com\/index.php\/2026\/02\/13\/biet-thu-hien-dai\/\" class=\"plain\">Bi\u1ec7t th\u1ef1 Hi\u1ec7n \u0111\u1ea1i<\/a>\n\t\t\t\t\t<\/h5>\n\t\t\t\t\t\t\t\t\t\t<div class=\"is-divider\"><\/div>\n\t\t\t\t\t\t\t\t\t\t<p class=\"from_the_blog_excerpt \">\n\t\t\t\t\t\texcerpt\t\t\t\t\t<\/p>\n\t\t\t\t\t                    \n\t\t\t\t\t\n\t\t\t\t\t\n\t\t\t\t\t<\/div>\n\t\t\t\t\t<\/div>\n\t\t\t\t\t\t\t\t\t\t\t\t\t\t\t\t<div class=\"badge absolute top post-date badge-outline\">\n\t\t\t\t\t\t\t<div class=\"badge-inner\">\n\t\t\t\t\t\t\t\t<span class=\"post-date-day\">13<\/span><br>\n\t\t\t\t\t\t\t\t<span class=\"post-date-month is-xsmall\">Feb<\/span>\n\t\t\t\t\t\t\t<\/div>\n\t\t\t\t\t\t<\/div>\n\t\t\t\t\t\t\t\t\t<\/div>\n\t\t\t<\/div>\n\t\t<\/div><\/div>\n\n\n","protected":false},"excerpt":{"rendered":"","protected":false},"author":1,"featured_media":0,"parent":0,"menu_order":0,"comment_status":"closed","ping_status":"closed","template":"","meta":{"_acf_changed":false,"footnotes":""},"class_list":["post-17","page","type-page","status-publish","hentry"],"acf":[],"_links":{"self":[{"href":"https:\/\/thiendangcons.com\/index.php\/wp-json\/wp\/v2\/pages\/17","targetHints":{"allow":["GET"]}}],"collection":[{"href":"https:\/\/thiendangcons.com\/index.php\/wp-json\/wp\/v2\/pages"}],"about":[{"href":"https:\/\/thiendangcons.com\/index.php\/wp-json\/wp\/v2\/types\/page"}],"author":[{"embeddable":true,"href":"https:\/\/thiendangcons.com\/index.php\/wp-json\/wp\/v2\/users\/1"}],"replies":[{"embeddable":true,"href":"https:\/\/thiendangcons.com\/index.php\/wp-json\/wp\/v2\/comments?post=17"}],"version-history":[{"count":13,"href":"https:\/\/thiendangcons.com\/index.php\/wp-json\/wp\/v2\/pages\/17\/revisions"}],"predecessor-version":[{"id":588,"href":"https:\/\/thiendangcons.com\/index.php\/wp-json\/wp\/v2\/pages\/17\/revisions\/588"}],"wp:attachment":[{"href":"https:\/\/thiendangcons.com\/index.php\/wp-json\/wp\/v2\/media?parent=17"}],"curies":[{"name":"wp","href":"https:\/\/api.w.org\/{rel}","templated":true}]}}