{"id":19,"date":"2025-12-14T12:36:16","date_gmt":"2025-12-14T12:36:16","guid":{"rendered":"http:\/\/localhost\/thiendangcons\/?page_id=19"},"modified":"2026-02-11T02:41:39","modified_gmt":"2026-02-11T02:41:39","slug":"lien-he","status":"publish","type":"page","link":"https:\/\/thiendangcons.com\/index.php\/lien-he\/","title":{"rendered":"Li\u00ean h\u1ec7"},"content":{"rendered":"\n\t<section class=\"section bg-gradient-thien-dang\" id=\"section_397971344\">\n\t\t<div class=\"bg section-bg fill bg-fill  bg-loaded\" >\n\n\t\t\t\n\t\t\t\n\t\t\t\n\n\t\t<\/div>\n\n\t\t\n\n\t\t<div class=\"section-content relative\">\n\t\t\t\n\n<div class=\"row\"  id=\"row-1408913626\">\n\n\n\t<div id=\"col-473377138\" class=\"col medium-6 small-12 large-6\"  >\n\t\t\t\t<div class=\"col-inner\"  >\n\t\t\t\n\t\t\t\n\n\t<div id=\"text-1868022345\" class=\"text\">\n\t\t\n\n<h1 class=\"uppercase\">Li\u00ean h\u1ec7<\/h1>\n\t\t\n<style>\n#text-1868022345 {\n  font-size: 1.6rem;\n  color: rgb(0,0,0);\n}\n#text-1868022345 > * {\n  color: rgb(0,0,0);\n}\n<\/style>\n\t<\/div>\n\t\n\t<div id=\"text-1036944765\" class=\"text\">\n\t\t\n\n<h2 class=\"uppercase\">c\u00f4ng ty tnhh ki\u1ebfn tr\u00fac<br \/> x\u00e2y d\u1ef1ng thi\u00ean \u0111\u0103ng\u00a0<\/h2>\n\t\t\n<style>\n#text-1036944765 {\n  font-size: 1.2rem;\n  color: rgb(0, 157, 0);\n}\n#text-1036944765 > * {\n  color: rgb(0, 157, 0);\n}\n<\/style>\n\t<\/div>\n\t\n\n\t\t<\/div>\n\t\t\t\t\t<\/div>\n\n\t\n\n\t<div id=\"col-1712241823\" class=\"col medium-6 small-12 large-6\"  >\n\t\t\t\t<div class=\"col-inner\"  >\n\t\t\t\n\t\t\t\n\n\t<div class=\"img has-hover x md-x lg-x y md-y lg-y\" id=\"image_352253718\">\n\t\t\t\t\t\t\t\t<div class=\"img-inner dark\" style=\"margin:0px -50px -100px 0px;\">\n\t\t\t<img loading=\"lazy\" decoding=\"async\" width=\"864\" height=\"851\" src=\"https:\/\/thiendangcons.com\/wp-content\/uploads\/2026\/02\/Group-phone.png\" class=\"attachment-large size-large\" alt=\"\" srcset=\"https:\/\/thiendangcons.com\/wp-content\/uploads\/2026\/02\/Group-phone.png 864w, https:\/\/thiendangcons.com\/wp-content\/uploads\/2026\/02\/Group-phone-300x295.png 300w, https:\/\/thiendangcons.com\/wp-content\/uploads\/2026\/02\/Group-phone-768x756.png 768w, https:\/\/thiendangcons.com\/wp-content\/uploads\/2026\/02\/Group-phone-600x591.png 600w\" sizes=\"auto, (max-width: 864px) 100vw, 864px\" \/>\t\t\t\t\t\t\n\t\t\t\t\t<\/div>\n\t\t\t\t\t\t\t\t\n<style>\n#image_352253718 {\n  width: 100%;\n}\n<\/style>\n\t<\/div>\n\t\n\n\n\t\t<\/div>\n\t\t\t\t\t<\/div>\n\n\t\n\n<\/div>\n\n\t\t<\/div>\n\n\t\t\n<style>\n#section_397971344 {\n  padding-top: 30px;\n  padding-bottom: 30px;\n}\n<\/style>\n\t<\/section>\n\t\n\t<section class=\"section\" id=\"section_2147302569\">\n\t\t<div class=\"bg section-bg fill bg-fill  bg-loaded\" >\n\n\t\t\t\n\t\t\t\n\t\t\t\n\n\t\t<\/div>\n\n\t\t\n\n\t\t<div class=\"section-content relative\">\n\t\t\t\n\n<div class=\"row\"  id=\"row-1504673735\">\n\n\n\t<div id=\"col-1091817974\" class=\"col medium-5 small-12 large-5\"  >\n\t\t\t\t<div class=\"col-inner\"  >\n\t\t\t\n\t\t\t\n\n\n\t\t<div class=\"icon-box featured-box icon-box-left text-left\"  >\n\t\t\t\t\t<div class=\"icon-box-img\" style=\"width: 40px\">\n\t\t\t\t<div class=\"icon\">\n\t\t\t\t\t<div class=\"icon-inner\" >\n\t\t\t\t\t\t<svg version=\"1.1\" id=\"Capa_1\" xmlns=\"http:\/\/www.w3.org\/2000\/svg\" xmlns:xlink=\"http:\/\/www.w3.org\/1999\/xlink\" x=\"0px\" y=\"0px\" viewBox=\"0 0 512 512\" style=\"enable-background:new 0 0 512 512;\" xml:space=\"preserve\">\r\n<g>\r\n\t<g>\r\n\t\t<path d=\"M467,76H45C20.137,76,0,96.262,0,121v270c0,24.885,20.285,45,45,45h422c24.655,0,45-20.03,45-45V121\r\n\t\t\tC512,96.306,491.943,76,467,76z M460.698,106c-9.194,9.145-167.415,166.533-172.878,171.967c-8.5,8.5-19.8,13.18-31.82,13.18\r\n\t\t\ts-23.32-4.681-31.848-13.208C220.478,274.284,64.003,118.634,51.302,106H460.698z M30,384.894V127.125L159.638,256.08L30,384.894z\r\n\t\t\t M51.321,406l129.587-128.763l22.059,21.943c14.166,14.166,33,21.967,53.033,21.967c20.033,0,38.867-7.801,53.005-21.939\r\n\t\t\tl22.087-21.971L460.679,406H51.321z M482,384.894L352.362,256.08L482,127.125V384.894z\"><\/path>\r\n\t<\/g>\r\n<\/g>\r\n<g>\r\n<\/g>\r\n<g>\r\n<\/g>\r\n<g>\r\n<\/g>\r\n<g>\r\n<\/g>\r\n<g>\r\n<\/g>\r\n<g>\r\n<\/g>\r\n<g>\r\n<\/g>\r\n<g>\r\n<\/g>\r\n<g>\r\n<\/g>\r\n<g>\r\n<\/g>\r\n<g>\r\n<\/g>\r\n<g>\r\n<\/g>\r\n<g>\r\n<\/g>\r\n<g>\r\n<\/g>\r\n<g>\r\n<\/g>\r\n<\/svg>\t\t\t\t\t<\/div>\n\t\t\t\t<\/div>\n\t\t\t<\/div>\n\t\t\t\t<div class=\"icon-box-text last-reset\">\n\t\t\t\t\t\t\t\t\t\n\n\t<div id=\"text-2604373510\" class=\"text\">\n\t\t\n\n<p><strong>Gmail:<\/strong> thiendangcons@gmail.com<\/p>\n\t\t\n<style>\n#text-2604373510 {\n  text-align: left;\n  color: rgb(0,0,0);\n}\n#text-2604373510 > * {\n  color: rgb(0,0,0);\n}\n<\/style>\n\t<\/div>\n\t\n\n\t\t<\/div>\n\t<\/div>\n\t\n\t\n\n\t\t<div class=\"icon-box featured-box icon-box-left text-left\"  >\n\t\t\t\t\t<div class=\"icon-box-img\" style=\"width: 40px\">\n\t\t\t\t<div class=\"icon\">\n\t\t\t\t\t<div class=\"icon-inner\" >\n\t\t\t\t\t\t<svg xmlns=\"http:\/\/www.w3.org\/2000\/svg\" x=\"0px\" y=\"0px\" width=\"100\" height=\"100\" viewBox=\"0 0 50 50\">\r\n<path d=\"M 9 4 C 6.2504839 4 4 6.2504839 4 9 L 4 41 C 4 43.749516 6.2504839 46 9 46 L 41 46 C 43.749516 46 46 43.749516 46 41 L 46 9 C 46 6.2504839 43.749516 4 41 4 L 9 4 z M 9 6 L 15.580078 6 C 12.00899 9.7156859 10 14.518083 10 19.5 C 10 24.66 12.110156 29.599844 15.910156 33.339844 C 16.030156 33.549844 16.129922 34.579531 15.669922 35.769531 C 15.379922 36.519531 14.799687 37.499141 13.679688 37.869141 C 13.249688 38.009141 12.97 38.430859 13 38.880859 C 13.03 39.330859 13.360781 39.710781 13.800781 39.800781 C 16.670781 40.370781 18.529297 39.510078 20.029297 38.830078 C 21.379297 38.210078 22.270625 37.789609 23.640625 38.349609 C 26.440625 39.439609 29.42 40 32.5 40 C 36.593685 40 40.531459 39.000731 44 37.113281 L 44 41 C 44 42.668484 42.668484 44 41 44 L 9 44 C 7.3315161 44 6 42.668484 6 41 L 6 9 C 6 7.3315161 7.3315161 6 9 6 z M 33 15 C 33.55 15 34 15.45 34 16 L 34 25 C 34 25.55 33.55 26 33 26 C 32.45 26 32 25.55 32 25 L 32 16 C 32 15.45 32.45 15 33 15 z M 18 16 L 23 16 C 23.36 16 23.700859 16.199531 23.880859 16.519531 C 24.050859 16.829531 24.039609 17.219297 23.849609 17.529297 L 19.800781 24 L 23 24 C 23.55 24 24 24.45 24 25 C 24 25.55 23.55 26 23 26 L 18 26 C 17.64 26 17.299141 25.800469 17.119141 25.480469 C 16.949141 25.170469 16.960391 24.780703 17.150391 24.470703 L 21.199219 18 L 18 18 C 17.45 18 17 17.55 17 17 C 17 16.45 17.45 16 18 16 z M 27.5 19 C 28.11 19 28.679453 19.169219 29.189453 19.449219 C 29.369453 19.189219 29.65 19 30 19 C 30.55 19 31 19.45 31 20 L 31 25 C 31 25.55 30.55 26 30 26 C 29.65 26 29.369453 25.810781 29.189453 25.550781 C 28.679453 25.830781 28.11 26 27.5 26 C 25.57 26 24 24.43 24 22.5 C 24 20.57 25.57 19 27.5 19 z M 38.5 19 C 40.43 19 42 20.57 42 22.5 C 42 24.43 40.43 26 38.5 26 C 36.57 26 35 24.43 35 22.5 C 35 20.57 36.57 19 38.5 19 z M 27.5 21 C 27.39625 21 27.29502 21.011309 27.197266 21.03125 C 27.001758 21.071133 26.819727 21.148164 26.660156 21.255859 C 26.500586 21.363555 26.363555 21.500586 26.255859 21.660156 C 26.148164 21.819727 26.071133 22.001758 26.03125 22.197266 C 26.011309 22.29502 26 22.39625 26 22.5 C 26 22.60375 26.011309 22.70498 26.03125 22.802734 C 26.051191 22.900488 26.079297 22.994219 26.117188 23.083984 C 26.155078 23.17375 26.202012 23.260059 26.255859 23.339844 C 26.309707 23.419629 26.371641 23.492734 26.439453 23.560547 C 26.507266 23.628359 26.580371 23.690293 26.660156 23.744141 C 26.819727 23.851836 27.001758 23.928867 27.197266 23.96875 C 27.29502 23.988691 27.39625 24 27.5 24 C 27.60375 24 27.70498 23.988691 27.802734 23.96875 C 28.487012 23.82916 29 23.22625 29 22.5 C 29 21.67 28.33 21 27.5 21 z M 38.5 21 C 38.39625 21 38.29502 21.011309 38.197266 21.03125 C 38.099512 21.051191 38.005781 21.079297 37.916016 21.117188 C 37.82625 21.155078 37.739941 21.202012 37.660156 21.255859 C 37.580371 21.309707 37.507266 21.371641 37.439453 21.439453 C 37.303828 21.575078 37.192969 21.736484 37.117188 21.916016 C 37.079297 22.005781 37.051191 22.099512 37.03125 22.197266 C 37.011309 22.29502 37 22.39625 37 22.5 C 37 22.60375 37.011309 22.70498 37.03125 22.802734 C 37.051191 22.900488 37.079297 22.994219 37.117188 23.083984 C 37.155078 23.17375 37.202012 23.260059 37.255859 23.339844 C 37.309707 23.419629 37.371641 23.492734 37.439453 23.560547 C 37.507266 23.628359 37.580371 23.690293 37.660156 23.744141 C 37.739941 23.797988 37.82625 23.844922 37.916016 23.882812 C 38.005781 23.920703 38.099512 23.948809 38.197266 23.96875 C 38.29502 23.988691 38.39625 24 38.5 24 C 38.60375 24 38.70498 23.988691 38.802734 23.96875 C 39.487012 23.82916 40 23.22625 40 22.5 C 40 21.67 39.33 21 38.5 21 z\"><\/path>\r\n<\/svg>\t\t\t\t\t<\/div>\n\t\t\t\t<\/div>\n\t\t\t<\/div>\n\t\t\t\t<div class=\"icon-box-text last-reset\">\n\t\t\t\t\t\t\t\t\t\n\n\t<div id=\"text-3956957094\" class=\"text\">\n\t\t\n\n<p><strong>Zalo\/S\u0110T:<\/strong> 0984097889<\/p>\n\t\t\n<style>\n#text-3956957094 {\n  text-align: left;\n  color: rgb(0,0,0);\n}\n#text-3956957094 > * {\n  color: rgb(0,0,0);\n}\n<\/style>\n\t<\/div>\n\t\n\n\t\t<\/div>\n\t<\/div>\n\t\n\t\n\n\t\t<div class=\"icon-box featured-box icon-box-left text-left\"  >\n\t\t\t\t\t<div class=\"icon-box-img\" style=\"width: 40px\">\n\t\t\t\t<div class=\"icon\">\n\t\t\t\t\t<div class=\"icon-inner\" >\n\t\t\t\t\t\t<svg xmlns=\"http:\/\/www.w3.org\/2000\/svg\" width=\"16\" height=\"16\" fill=\"currentColor\" class=\"bi bi-globe\" viewBox=\"0 0 16 16\">\r\n  <path d=\"M0 8a8 8 0 1 1 16 0A8 8 0 0 1 0 8m7.5-6.923c-.67.204-1.335.82-1.887 1.855A8 8 0 0 0 5.145 4H7.5zM4.09 4a9.3 9.3 0 0 1 .64-1.539 7 7 0 0 1 .597-.933A7.03 7.03 0 0 0 2.255 4zm-.582 3.5c.03-.877.138-1.718.312-2.5H1.674a7 7 0 0 0-.656 2.5zM4.847 5a12.5 12.5 0 0 0-.338 2.5H7.5V5zM8.5 5v2.5h2.99a12.5 12.5 0 0 0-.337-2.5zM4.51 8.5a12.5 12.5 0 0 0 .337 2.5H7.5V8.5zm3.99 0V11h2.653c.187-.765.306-1.608.338-2.5zM5.145 12q.208.58.468 1.068c.552 1.035 1.218 1.65 1.887 1.855V12zm.182 2.472a7 7 0 0 1-.597-.933A9.3 9.3 0 0 1 4.09 12H2.255a7 7 0 0 0 3.072 2.472M3.82 11a13.7 13.7 0 0 1-.312-2.5h-2.49c.062.89.291 1.733.656 2.5zm6.853 3.472A7 7 0 0 0 13.745 12H11.91a9.3 9.3 0 0 1-.64 1.539 7 7 0 0 1-.597.933M8.5 12v2.923c.67-.204 1.335-.82 1.887-1.855q.26-.487.468-1.068zm3.68-1h2.146c.365-.767.594-1.61.656-2.5h-2.49a13.7 13.7 0 0 1-.312 2.5m2.802-3.5a7 7 0 0 0-.656-2.5H12.18c.174.782.282 1.623.312 2.5zM11.27 2.461c.247.464.462.98.64 1.539h1.835a7 7 0 0 0-3.072-2.472c.218.284.418.598.597.933M10.855 4a8 8 0 0 0-.468-1.068C9.835 1.897 9.17 1.282 8.5 1.077V4z\"\/>\r\n<\/svg>\t\t\t\t\t<\/div>\n\t\t\t\t<\/div>\n\t\t\t<\/div>\n\t\t\t\t<div class=\"icon-box-text last-reset\">\n\t\t\t\t\t\t\t\t\t\n\n\t<div id=\"text-1704489886\" class=\"text\">\n\t\t\n\n<p><strong>Website:<\/strong> https:\/\/thiendangcons.com<\/p>\n\t\t\n<style>\n#text-1704489886 {\n  text-align: left;\n  color: rgb(0,0,0);\n}\n#text-1704489886 > * {\n  color: rgb(0,0,0);\n}\n<\/style>\n\t<\/div>\n\t\n\n\t\t<\/div>\n\t<\/div>\n\t\n\t\n\n\t\t<div class=\"icon-box featured-box icon-box-left text-left\"  >\n\t\t\t\t\t<div class=\"icon-box-img\" style=\"width: 40px\">\n\t\t\t\t<div class=\"icon\">\n\t\t\t\t\t<div class=\"icon-inner\" >\n\t\t\t\t\t\t<svg version=\"1.1\" id=\"Capa_1\" xmlns=\"http:\/\/www.w3.org\/2000\/svg\" xmlns:xlink=\"http:\/\/www.w3.org\/1999\/xlink\" x=\"0px\" y=\"0px\" viewBox=\"0 0 512 512\" style=\"enable-background:new 0 0 512 512;\" xml:space=\"preserve\">\r\n<g>\r\n\t<g>\r\n\t\t<path d=\"M341.476,338.285c54.483-85.493,47.634-74.827,49.204-77.056C410.516,233.251,421,200.322,421,166\r\n\t\t\tC421,74.98,347.139,0,256,0C165.158,0,91,74.832,91,166c0,34.3,10.704,68.091,31.19,96.446l48.332,75.84\r\n\t\t\tC118.847,346.227,31,369.892,31,422c0,18.995,12.398,46.065,71.462,67.159C143.704,503.888,198.231,512,256,512\r\n\t\t\tc108.025,0,225-30.472,225-90C481,369.883,393.256,346.243,341.476,338.285z M147.249,245.945\r\n\t\t\tc-0.165-0.258-0.337-0.51-0.517-0.758C129.685,221.735,121,193.941,121,166c0-75.018,60.406-136,135-136\r\n\t\t\tc74.439,0,135,61.009,135,136c0,27.986-8.521,54.837-24.646,77.671c-1.445,1.906,6.094-9.806-110.354,172.918L147.249,245.945z\r\n\t\t\t M256,482c-117.994,0-195-34.683-195-60c0-17.016,39.568-44.995,127.248-55.901l55.102,86.463\r\n\t\t\tc2.754,4.322,7.524,6.938,12.649,6.938s9.896-2.617,12.649-6.938l55.101-86.463C411.431,377.005,451,404.984,451,422\r\n\t\t\tC451,447.102,374.687,482,256,482z\"><\/path>\r\n\t<\/g>\r\n<\/g>\r\n<g>\r\n\t<g>\r\n\t\t<path d=\"M256,91c-41.355,0-75,33.645-75,75s33.645,75,75,75c41.355,0,75-33.645,75-75S297.355,91,256,91z M256,211\r\n\t\t\tc-24.813,0-45-20.187-45-45s20.187-45,45-45s45,20.187,45,45S280.813,211,256,211z\"><\/path>\r\n\t<\/g>\r\n<\/g>\r\n<g>\r\n<\/g>\r\n<g>\r\n<\/g>\r\n<g>\r\n<\/g>\r\n<g>\r\n<\/g>\r\n<g>\r\n<\/g>\r\n<g>\r\n<\/g>\r\n<g>\r\n<\/g>\r\n<g>\r\n<\/g>\r\n<g>\r\n<\/g>\r\n<g>\r\n<\/g>\r\n<g>\r\n<\/g>\r\n<g>\r\n<\/g>\r\n<g>\r\n<\/g>\r\n<g>\r\n<\/g>\r\n<g>\r\n<\/g>\r\n<\/svg>\t\t\t\t\t<\/div>\n\t\t\t\t<\/div>\n\t\t\t<\/div>\n\t\t\t\t<div class=\"icon-box-text last-reset\">\n\t\t\t\t\t\t\t\t\t\n\n\t<div id=\"text-2173523243\" class=\"text\">\n\t\t\n\n<p><strong>\u0110\u1ecba ch\u1ec9:<\/strong> 431 T\u00f4 Hi\u1ebfn Th\u00e0nh, P.14, Q.10, TP.HCM<\/p>\n\t\t\n<style>\n#text-2173523243 {\n  text-align: left;\n  color: rgb(0,0,0);\n}\n#text-2173523243 > * {\n  color: rgb(0,0,0);\n}\n<\/style>\n\t<\/div>\n\t\n\n\t\t<\/div>\n\t<\/div>\n\t\n\t\n\n\t\t<\/div>\n\t\t\t\t\t<\/div>\n\n\t\n\n\t<div id=\"col-1148263807\" class=\"col medium-7 small-12 large-7\"  >\n\t\t\t\t<div class=\"col-inner\"  >\n\t\t\t\n\t\t\t\n\n\n<div class=\"wpcf7 no-js\" id=\"wpcf7-f551-o1\" lang=\"en-US\" dir=\"ltr\" data-wpcf7-id=\"551\">\n<div class=\"screen-reader-response\"><p role=\"status\" aria-live=\"polite\" aria-atomic=\"true\"><\/p> <ul><\/ul><\/div>\n<form action=\"\/index.php\/wp-json\/wp\/v2\/pages\/19#wpcf7-f551-o1\" method=\"post\" class=\"wpcf7-form init\" aria-label=\"Contact form\" novalidate=\"novalidate\" data-status=\"init\">\n<fieldset class=\"hidden-fields-container\"><input type=\"hidden\" name=\"_wpcf7\" value=\"551\" \/><input type=\"hidden\" name=\"_wpcf7_version\" value=\"6.1.4\" \/><input type=\"hidden\" name=\"_wpcf7_locale\" value=\"en_US\" \/><input type=\"hidden\" name=\"_wpcf7_unit_tag\" value=\"wpcf7-f551-o1\" \/><input type=\"hidden\" name=\"_wpcf7_container_post\" value=\"0\" \/><input type=\"hidden\" name=\"_wpcf7_posted_data_hash\" value=\"\" \/>\n<\/fieldset>\n<div class=\"row\">\n\t<div class=\"col large-6\">\n\t\t<p><span class=\"wpcf7-form-control-wrap\" data-name=\"your-name\"><input size=\"40\" maxlength=\"400\" class=\"wpcf7-form-control wpcf7-text wpcf7-validates-as-required\" aria-required=\"true\" aria-invalid=\"false\" placeholder=\"H\u1ecd &amp; t\u00ean\" value=\"\" type=\"text\" name=\"your-name\" \/><\/span>\n\t\t<\/p>\n\t<\/div>\n\t<div class=\"col large-6\">\n\t\t<p><span class=\"wpcf7-form-control-wrap\" data-name=\"your-address\"><input size=\"40\" maxlength=\"400\" class=\"wpcf7-form-control wpcf7-text\" aria-invalid=\"false\" placeholder=\"\u0110\u1ecba ch\u1ec9\" value=\"\" type=\"text\" name=\"your-address\" \/><\/span>\n\t\t<\/p>\n\t<\/div>\n<\/div>\n<div class=\"row\">\n\t<div class=\"col large-6\">\n\t\t<p><span class=\"wpcf7-form-control-wrap\" data-name=\"your-phone\"><input size=\"40\" maxlength=\"400\" class=\"wpcf7-form-control wpcf7-tel wpcf7-validates-as-required wpcf7-text wpcf7-validates-as-tel\" aria-required=\"true\" aria-invalid=\"false\" placeholder=\"S\u1ed1 \u0111i\u1ec7n tho\u1ea1i\" value=\"\" type=\"tel\" name=\"your-phone\" \/><\/span>\n\t\t<\/p>\n\t<\/div>\n\t<div class=\"col large-6\">\n\t\t<p><span class=\"wpcf7-form-control-wrap\" data-name=\"your-email\"><input size=\"40\" maxlength=\"400\" class=\"wpcf7-form-control wpcf7-email wpcf7-validates-as-required wpcf7-text wpcf7-validates-as-email\" aria-required=\"true\" aria-invalid=\"false\" placeholder=\"Email\" value=\"\" type=\"email\" name=\"your-email\" \/><\/span>\n\t\t<\/p>\n\t<\/div>\n<\/div>\n<p><br \/>\n<span class=\"wpcf7-form-control-wrap\" data-name=\"your-message\"><textarea cols=\"40\" rows=\"10\" maxlength=\"2000\" class=\"wpcf7-form-control wpcf7-textarea\" aria-invalid=\"false\" placeholder=\"N\u1ed9i dung li\u00ean h\u1ec7\" name=\"your-message\"><\/textarea><\/span>\n<\/p>\n<p><input class=\"wpcf7-form-control wpcf7-submit has-spinner primary\" type=\"submit\" value=\"G\u1eecI\" \/>\n<\/p><div class=\"wpcf7-response-output\" aria-hidden=\"true\"><\/div>\n<\/form>\n<\/div>\n\n\n\n\t\t<\/div>\n\t\t\t\t\t<\/div>\n\n\t\n\n<\/div>\n\n\t\t<\/div>\n\n\t\t\n<style>\n#section_2147302569 {\n  padding-top: 50px;\n  padding-bottom: 50px;\n}\n<\/style>\n\t<\/section>\n\t\n\n","protected":false},"excerpt":{"rendered":"","protected":false},"author":1,"featured_media":0,"parent":0,"menu_order":0,"comment_status":"closed","ping_status":"closed","template":"","meta":{"_acf_changed":false,"footnotes":""},"class_list":["post-19","page","type-page","status-publish","hentry"],"acf":[],"_links":{"self":[{"href":"https:\/\/thiendangcons.com\/index.php\/wp-json\/wp\/v2\/pages\/19","targetHints":{"allow":["GET"]}}],"collection":[{"href":"https:\/\/thiendangcons.com\/index.php\/wp-json\/wp\/v2\/pages"}],"about":[{"href":"https:\/\/thiendangcons.com\/index.php\/wp-json\/wp\/v2\/types\/page"}],"author":[{"embeddable":true,"href":"https:\/\/thiendangcons.com\/index.php\/wp-json\/wp\/v2\/users\/1"}],"replies":[{"embeddable":true,"href":"https:\/\/thiendangcons.com\/index.php\/wp-json\/wp\/v2\/comments?post=19"}],"version-history":[{"count":6,"href":"https:\/\/thiendangcons.com\/index.php\/wp-json\/wp\/v2\/pages\/19\/revisions"}],"predecessor-version":[{"id":554,"href":"https:\/\/thiendangcons.com\/index.php\/wp-json\/wp\/v2\/pages\/19\/revisions\/554"}],"wp:attachment":[{"href":"https:\/\/thiendangcons.com\/index.php\/wp-json\/wp\/v2\/media?parent=19"}],"curies":[{"name":"wp","href":"https:\/\/api.w.org\/{rel}","templated":true}]}}